{"id":57853,"date":"2022-11-28T18:00:21","date_gmt":"2022-11-28T11:00:21","guid":{"rendered":"https:\/\/www.chotot.com\/kinh-nghiem\/?page_id=57853"},"modified":"2025-04-24T11:57:28","modified_gmt":"2025-04-24T04:57:28","slug":"thong-tin-iphone-14","status":"publish","type":"page","link":"https:\/\/www.chotot.com\/kinh-nghiem\/thong-tin-iphone-14","title":{"rendered":"iPhone 14 series (14| Plus| Pro| Pro Max)"},"content":{"rendered":"\t\t<div data-elementor-type=\"wp-page\" data-elementor-id=\"57853\" class=\"elementor elementor-57853\">\n\t\t\t\t\t\t<section class=\"elementor-section elementor-top-section elementor-element elementor-element-4bc15bc elementor-section-boxed elementor-section-height-default elementor-section-height-default\" data-id=\"4bc15bc\" data-element_type=\"section\" data-e-type=\"section\">\n\t\t\t\t\t\t<div class=\"elementor-container elementor-column-gap-default\">\n\t\t\t\t\t<div class=\"elementor-column elementor-col-100 elementor-top-column elementor-element elementor-element-1bd1ee4\" data-id=\"1bd1ee4\" data-element_type=\"column\" data-e-type=\"column\">\n\t\t\t<div class=\"elementor-widget-wrap elementor-element-populated\">\n\t\t\t\t\t\t<div class=\"elementor-element elementor-element-c04f275 elementor-widget elementor-widget-template\" data-id=\"c04f275\" data-element_type=\"widget\" data-e-type=\"widget\" data-widget_type=\"template.default\">\n\t\t\t\t<div class=\"elementor-widget-container\">\n\t\t\t\t\t \t\t\t\t<\/div>\n\t\t\t\t<\/div>\n\t\t\t\t\t<\/div>\n\t\t<\/div>\n\t\t\t\t\t<\/div>\n\t\t<\/section>\n\t\t\t\t<\/div>\n\t\t","protected":false},"excerpt":{"rendered":"","protected":false},"author":46,"featured_media":0,"parent":0,"menu_order":0,"comment_status":"closed","ping_status":"closed","template":"","meta":{"_editorskit_title_hidden":false,"_editorskit_reading_time":16,"_editorskit_is_block_options_detached":false,"_editorskit_block_options_position":"{}","footnotes":""},"categories":[949,1076],"tags":[],"class_list":{"0":"post-57853","1":"page","2":"type-page","3":"status-publish","5":"category-dien-tu","6":"category-dien-thoai"},"acf":[],"yoast_head":"<!-- This site is optimized with the Yoast SEO plugin v25.6 - https:\/\/yoast.com\/wordpress\/plugins\/seo\/ -->\n<title>iPhone 14 series (14| Plus| Pro| Pro Max) - Th\u00f4ng Tin, Gi\u00e1 B\u00e1n, Th\u00f4ng S\u1ed1<\/title>\n<meta name=\"description\" content=\"Th\u00f4ng tin chi ti\u1ebft v\u1ec1 iPhone 14 series: C\u00e1c n\u00e2ng c\u1ea5p \u0111\u00e1ng ch\u00fa \u00fd | Gi\u00e1 b\u00e1n | Th\u00f4ng s\u1ed1 | \u0110\u00e1nh gi\u00e1 | C\u00e1c d\u00f2ng m\u00e1y.\" \/>\n<meta name=\"robots\" content=\"index, follow, max-snippet:-1, max-image-preview:large, max-video-preview:-1\" \/>\n<link rel=\"canonical\" href=\"https:\/\/www.chotot.com\/thong-tin-iphone-14\" \/>\n<meta property=\"og:locale\" content=\"en_US\" \/>\n<meta property=\"og:type\" content=\"article\" \/>\n<meta property=\"og:title\" content=\"iPhone 14 series (14| Plus| Pro| Pro Max) - Th\u00f4ng Tin, Gi\u00e1 B\u00e1n, Th\u00f4ng S\u1ed1\" \/>\n<meta property=\"og:description\" content=\"Th\u00f4ng tin chi ti\u1ebft v\u1ec1 iPhone 14 series: C\u00e1c n\u00e2ng c\u1ea5p \u0111\u00e1ng ch\u00fa \u00fd | Gi\u00e1 b\u00e1n | Th\u00f4ng s\u1ed1 | \u0110\u00e1nh gi\u00e1 | C\u00e1c d\u00f2ng m\u00e1y.\" \/>\n<meta property=\"og:url\" content=\"https:\/\/www.chotot.com\/thong-tin-iphone-14\" \/>\n<meta property=\"og:site_name\" content=\"Kinh Nghi\u1ec7m Mua B\u00e1n\" \/>\n<meta property=\"article:modified_time\" content=\"2025-04-24T04:57:28+00:00\" \/>\n<meta name=\"twitter:card\" content=\"summary_large_image\" \/>\n<!-- \/ Yoast SEO plugin. -->","yoast_head_json":{"title":"iPhone 14 series (14| Plus| Pro| Pro Max) - Th\u00f4ng Tin, Gi\u00e1 B\u00e1n, Th\u00f4ng S\u1ed1","description":"Th\u00f4ng tin chi ti\u1ebft v\u1ec1 iPhone 14 series: C\u00e1c n\u00e2ng c\u1ea5p \u0111\u00e1ng ch\u00fa \u00fd | Gi\u00e1 b\u00e1n | Th\u00f4ng s\u1ed1 | \u0110\u00e1nh gi\u00e1 | C\u00e1c d\u00f2ng m\u00e1y.","robots":{"index":"index","follow":"follow","max-snippet":"max-snippet:-1","max-image-preview":"max-image-preview:large","max-video-preview":"max-video-preview:-1"},"canonical":"https:\/\/www.chotot.com\/thong-tin-iphone-14","og_locale":"en_US","og_type":"article","og_title":"iPhone 14 series (14| Plus| Pro| Pro Max) - Th\u00f4ng Tin, Gi\u00e1 B\u00e1n, Th\u00f4ng S\u1ed1","og_description":"Th\u00f4ng tin chi ti\u1ebft v\u1ec1 iPhone 14 series: C\u00e1c n\u00e2ng c\u1ea5p \u0111\u00e1ng ch\u00fa \u00fd | Gi\u00e1 b\u00e1n | Th\u00f4ng s\u1ed1 | \u0110\u00e1nh gi\u00e1 | C\u00e1c d\u00f2ng m\u00e1y.","og_url":"https:\/\/www.chotot.com\/thong-tin-iphone-14","og_site_name":"Kinh Nghi\u1ec7m Mua B\u00e1n","article_modified_time":"2025-04-24T04:57:28+00:00","twitter_card":"summary_large_image","schema":{"@context":"https:\/\/schema.org","@graph":[{"@type":"WebPage","@id":"https:\/\/www.chotot.com\/kinh-nghiem\/thong-tin-iphone-14","url":"https:\/\/www.chotot.com\/thong-tin-iphone-14","name":"iPhone 14 series (14| Plus| Pro| Pro Max) - Th\u00f4ng Tin, Gi\u00e1 B\u00e1n, Th\u00f4ng S\u1ed1","isPartOf":{"@id":"https:\/\/www.chotot.com\/kinh-nghiem\/#website"},"datePublished":"2022-11-28T11:00:21+00:00","dateModified":"2025-04-24T04:57:28+00:00","description":"Th\u00f4ng tin chi ti\u1ebft v\u1ec1 iPhone 14 series: C\u00e1c n\u00e2ng c\u1ea5p \u0111\u00e1ng ch\u00fa \u00fd | Gi\u00e1 b\u00e1n | Th\u00f4ng s\u1ed1 | \u0110\u00e1nh gi\u00e1 | C\u00e1c d\u00f2ng m\u00e1y.","inLanguage":"en-US","potentialAction":[{"@type":"ReadAction","target":["https:\/\/www.chotot.com\/thong-tin-iphone-14"]}]},{"@type":"WebSite","@id":"https:\/\/www.chotot.com\/kinh-nghiem\/#website","url":"https:\/\/www.chotot.com\/kinh-nghiem\/","name":"Kinh Nghi\u1ec7m Mua B\u00e1n","description":"Kinh nghi\u1ec7m h\u1eefu \u00edch cho b\u1ea1n khi mua b\u00e1n h\u00e0ng ho\u00e1 m\u1edbi v\u00e0 c\u0169","publisher":{"@id":"https:\/\/www.chotot.com\/kinh-nghiem\/#organization"},"potentialAction":[{"@type":"SearchAction","target":{"@type":"EntryPoint","urlTemplate":"https:\/\/www.chotot.com\/kinh-nghiem\/?s={search_term_string}"},"query-input":{"@type":"PropertyValueSpecification","valueRequired":true,"valueName":"search_term_string"}}],"inLanguage":"en-US"},{"@type":"Organization","@id":"https:\/\/www.chotot.com\/kinh-nghiem\/#organization","name":"Kinh Nghi\u1ec7m Mua B\u00e1n","url":"https:\/\/www.chotot.com\/kinh-nghiem\/","logo":{"@type":"ImageObject","inLanguage":"en-US","@id":"https:\/\/www.chotot.com\/kinh-nghiem\/#\/schema\/logo\/image\/","url":"https:\/\/static.chotot.com\/storage\/chotot-kinhnghiem\/c2c\/2018\/02\/chototlogo.png","contentUrl":"https:\/\/static.chotot.com\/storage\/chotot-kinhnghiem\/c2c\/2018\/02\/chototlogo.png","width":165,"height":60,"caption":"Kinh Nghi\u1ec7m Mua B\u00e1n"},"image":{"@id":"https:\/\/www.chotot.com\/kinh-nghiem\/#\/schema\/logo\/image\/"}}]}},"_links":{"self":[{"href":"https:\/\/www.chotot.com\/kinh-nghiem\/wp-json\/wp\/v2\/pages\/57853","targetHints":{"allow":["GET"]}}],"collection":[{"href":"https:\/\/www.chotot.com\/kinh-nghiem\/wp-json\/wp\/v2\/pages"}],"about":[{"href":"https:\/\/www.chotot.com\/kinh-nghiem\/wp-json\/wp\/v2\/types\/page"}],"author":[{"embeddable":true,"href":"https:\/\/www.chotot.com\/kinh-nghiem\/wp-json\/wp\/v2\/users\/46"}],"replies":[{"embeddable":true,"href":"https:\/\/www.chotot.com\/kinh-nghiem\/wp-json\/wp\/v2\/comments?post=57853"}],"version-history":[{"count":24,"href":"https:\/\/www.chotot.com\/kinh-nghiem\/wp-json\/wp\/v2\/pages\/57853\/revisions"}],"predecessor-version":[{"id":61619,"href":"https:\/\/www.chotot.com\/kinh-nghiem\/wp-json\/wp\/v2\/pages\/57853\/revisions\/61619"}],"wp:attachment":[{"href":"https:\/\/www.chotot.com\/kinh-nghiem\/wp-json\/wp\/v2\/media?parent=57853"}],"wp:term":[{"taxonomy":"category","embeddable":true,"href":"https:\/\/www.chotot.com\/kinh-nghiem\/wp-json\/wp\/v2\/categories?post=57853"},{"taxonomy":"post_tag","embeddable":true,"href":"https:\/\/www.chotot.com\/kinh-nghiem\/wp-json\/wp\/v2\/tags?post=57853"}],"curies":[{"name":"wp","href":"https:\/\/api.w.org\/{rel}","templated":true}]}}